{"id":14384,"date":"2024-12-27T13:18:04","date_gmt":"2024-12-27T17:18:04","guid":{"rendered":"https:\/\/thewebsell.com\/espana\/?page_id=14384"},"modified":"2025-05-16T11:31:17","modified_gmt":"2025-05-16T15:31:17","slug":"contacto","status":"publish","type":"page","link":"https:\/\/thewebsell.com\/espana\/contacto\/","title":{"rendered":"Contacto"},"content":{"rendered":"\t\t<div data-elementor-type=\"wp-page\" data-elementor-id=\"14384\" class=\"elementor elementor-14384\" data-elementor-post-type=\"page\">\n\t\t\t\t\t\t<section class=\"elementor-section elementor-top-section elementor-element elementor-element-51bfe416 elementor-section-boxed elementor-section-height-default elementor-section-height-default\" data-id=\"51bfe416\" data-element_type=\"section\" data-settings=\"{&quot;background_background&quot;:&quot;classic&quot;}\">\n\t\t\t\t\t\t\t<div class=\"elementor-background-overlay\"><\/div>\n\t\t\t\t\t\t\t<div class=\"elementor-container elementor-column-gap-default\">\n\t\t\t\t\t<div class=\"elementor-column elementor-col-100 elementor-top-column elementor-element elementor-element-5351de1e\" data-id=\"5351de1e\" data-element_type=\"column\">\n\t\t\t<div class=\"elementor-widget-wrap elementor-element-populated\">\n\t\t\t\t\t\t<div class=\"elementor-element elementor-element-536523d2 elementor-widget elementor-widget-shortcode\" data-id=\"536523d2\" data-element_type=\"widget\" data-widget_type=\"shortcode.default\">\n\t\t\t\t<div class=\"elementor-widget-container\">\n\t\t\t\t\t\t\t<div class=\"elementor-shortcode\"><meta name=\"keywords\" content=\"agencia de marketing digital en Miami y Venezuela, digital marketing agency in Miami and Venezuela\"><\/div>\n\t\t\t\t\t\t<\/div>\n\t\t\t\t<\/div>\n\t\t\t\t<div class=\"elementor-element elementor-element-775362b7 elementor-widget elementor-widget-heading\" data-id=\"775362b7\" data-element_type=\"widget\" data-widget_type=\"heading.default\">\n\t\t\t\t<div class=\"elementor-widget-container\">\n\t\t\t\t\t<h1 class=\"elementor-heading-title elementor-size-default\">Agencia SEO y SEM | <span style=\"color: #006fd2\">Marketing Digital<\/span><\/h1>\t\t\t\t<\/div>\n\t\t\t\t<\/div>\n\t\t\t\t<div class=\"elementor-element elementor-element-37199421 elementor-widget elementor-widget-heading\" data-id=\"37199421\" data-element_type=\"widget\" data-widget_type=\"heading.default\">\n\t\t\t\t<div class=\"elementor-widget-container\">\n\t\t\t\t\t<h2 class=\"elementor-heading-title elementor-size-default\">Cons\u00edguenos <span style=\"color: #006fd2\">F\u00e1cilmente<\/span><\/h2>\t\t\t\t<\/div>\n\t\t\t\t<\/div>\n\t\t\t\t<div class=\"elementor-element elementor-element-502c4fa9 elementor-widget elementor-widget-text-editor\" data-id=\"502c4fa9\" data-element_type=\"widget\" data-widget_type=\"text-editor.default\">\n\t\t\t\t<div class=\"elementor-widget-container\">\n\t\t\t\t\t\t\t\t\t<p align=\"center\">Si\u00e9ntete libre de contactarnos cuando desees.<br \/>Recuerda que estamos para responder tus dudas en todo momento.<\/p>\t\t\t\t\t\t\t\t<\/div>\n\t\t\t\t<\/div>\n\t\t\t\t<div class=\"elementor-element elementor-element-56dce6d8 elementor-widget__width-initial elementor-widget-mobile__width-initial elementor-view-default elementor-position-top elementor-mobile-position-top elementor-widget elementor-widget-icon-box\" data-id=\"56dce6d8\" data-element_type=\"widget\" id=\"iconos-contacto\" data-widget_type=\"icon-box.default\">\n\t\t\t\t<div class=\"elementor-widget-container\">\n\t\t\t\t\t\t\t<div class=\"elementor-icon-box-wrapper\">\n\n\t\t\t\t\t\t<div class=\"elementor-icon-box-icon\">\n\t\t\t\t<a href=\"https:\/\/www.instagram.com\/thewebsell.es\/\" class=\"elementor-icon elementor-animation-wobble-horizontal\" tabindex=\"-1\" aria-label=\"@thewebsell.es\">\n\t\t\t\t<i aria-hidden=\"true\" class=\"fab fa-instagram\"><\/i>\t\t\t\t<\/a>\n\t\t\t<\/div>\n\t\t\t\n\t\t\t\t\t\t<div class=\"elementor-icon-box-content\">\n\n\t\t\t\t\t\t\t\t\t<h3 class=\"elementor-icon-box-title\">\n\t\t\t\t\t\t<a href=\"https:\/\/www.instagram.com\/thewebsell.es\/\" >\n\t\t\t\t\t\t\t@thewebsell.es\t\t\t\t\t\t<\/a>\n\t\t\t\t\t<\/h3>\n\t\t\t\t\n\t\t\t\t\n\t\t\t<\/div>\n\t\t\t\n\t\t<\/div>\n\t\t\t\t\t\t<\/div>\n\t\t\t\t<\/div>\n\t\t\t\t<div class=\"elementor-element elementor-element-790e9754 elementor-widget__width-initial elementor-widget-mobile__width-initial elementor-view-default elementor-position-top elementor-mobile-position-top elementor-widget elementor-widget-icon-box\" data-id=\"790e9754\" data-element_type=\"widget\" id=\"iconos-contacto\" data-widget_type=\"icon-box.default\">\n\t\t\t\t<div class=\"elementor-widget-container\">\n\t\t\t\t\t\t\t<div class=\"elementor-icon-box-wrapper\">\n\n\t\t\t\t\t\t<div class=\"elementor-icon-box-icon\">\n\t\t\t\t<a href=\"tel:+34633513247\" class=\"elementor-icon elementor-animation-wobble-horizontal\" tabindex=\"-1\" aria-label=\"&lt;a href=&quot;tel:+584124588629&quot;&gt;+58 (412) 458-8629 &lt;\/a&gt; &lt;br&gt; &lt;br&gt;&lt;a href=&quot;tel:+17867448424&quot;&gt;+1  (786) 744-8424&lt;\/a&gt;&lt;br&gt; &lt;br&gt;&lt;a href=&quot;tel:+34633513247&quot;&gt;+34 (633) 513-247&lt;\/a&gt;\">\n\t\t\t\t<svg xmlns=\"http:\/\/www.w3.org\/2000\/svg\" xmlns:xlink=\"http:\/\/www.w3.org\/1999\/xlink\" x=\"0px\" y=\"0px\" viewBox=\"0 0 384 384\" style=\"enable-background:new 0 0 384 384;\" xml:space=\"preserve\"><g>\t<g>\t\t<path d=\"M353.188,252.052c-23.51,0-46.594-3.677-68.469-10.906c-10.719-3.656-23.896-0.302-30.438,6.417l-43.177,32.594   c-50.073-26.729-80.917-57.563-107.281-107.26l31.635-42.052c8.219-8.208,11.167-20.198,7.635-31.448   c-7.26-21.99-10.948-45.063-10.948-68.583C132.146,13.823,118.323,0,101.333,0H30.813C13.823,0,0,13.823,0,30.813   C0,225.563,158.438,384,353.188,384c16.99,0,30.813-13.823,30.813-30.813v-70.323C384,265.875,370.177,252.052,353.188,252.052z\"><\/path>\t<\/g><\/g><\/svg>\t\t\t\t<\/a>\n\t\t\t<\/div>\n\t\t\t\n\t\t\t\t\t\t<div class=\"elementor-icon-box-content\">\n\n\t\t\t\t\t\t\t\t\t<h3 class=\"elementor-icon-box-title\">\n\t\t\t\t\t\t<a href=\"tel:+34633513247\" >\n\t\t\t\t\t\t\t<a href=\"tel:+584124588629\">+58 (412) 458-8629 <\/a> <br> <br><a href=\"tel:+17867448424\">+1  (786) 744-8424<\/a><br> <br><a href=\"tel:+34633513247\">+34 (633) 513-247<\/a>\t\t\t\t\t\t<\/a>\n\t\t\t\t\t<\/h3>\n\t\t\t\t\n\t\t\t\t\n\t\t\t<\/div>\n\t\t\t\n\t\t<\/div>\n\t\t\t\t\t\t<\/div>\n\t\t\t\t<\/div>\n\t\t\t\t<div class=\"elementor-element elementor-element-d745ef7 elementor-widget__width-initial elementor-widget-mobile__width-initial elementor-view-default elementor-position-top elementor-mobile-position-top elementor-widget elementor-widget-icon-box\" data-id=\"d745ef7\" data-element_type=\"widget\" id=\"iconos-contacto\" data-widget_type=\"icon-box.default\">\n\t\t\t\t<div class=\"elementor-widget-container\">\n\t\t\t\t\t\t\t<div class=\"elementor-icon-box-wrapper\">\n\n\t\t\t\t\t\t<div class=\"elementor-icon-box-icon\">\n\t\t\t\t<a href=\"https:\/\/api.whatsapp.com\/send?phone=34633513247&#038;text=Hola,%20le%20escribo%20a%20thewebsell.com,%20para%20obtener%20m%C3%A1s%20informaci%C3%B3n%20sobre%20los%20servicios\" class=\"elementor-icon elementor-animation-wobble-horizontal\" tabindex=\"-1\" aria-label=\"&lt;a href=&quot;https:\/\/api.whatsapp.com\/send?phone=584124588629&amp;&amp;text=Hola,%20le%20escribo%20a%20thewebsell.com,%20para%20obtener%20m\u00e1s%20informaci\u00f3n%20sobre%20los%20servicios&quot;&gt; Venezuela&lt;\/a&gt;&lt;br&gt;&lt;br&gt; &lt;a href=&quot;https:\/\/api.whatsapp.com\/send?phone=17867448424&amp;text=Hola,%20le%20escribo%20a%20thewebsell.com,%20para%20obtener%20m\u00e1s%20informaci\u00f3n%20sobre%20los%20servicios&quot;&gt;  Florida, USA \u200b  &lt;\/a&gt;&lt;\/br&gt;&lt;\/br&gt;&lt;a href=&quot;https:\/\/api.whatsapp.com\/send?phone=34633513247&amp;text=Hola,%20le%20escribo%20a%20thewebsell.com,%20para%20obtener%20m\u00e1s%20informaci\u00f3n%20sobre%20los%20servicios&quot;&gt;  Madrid, Espa\u00f1a\u200b  &lt;\/a&gt;\">\n\t\t\t\t<i aria-hidden=\"true\" class=\"fab fa-whatsapp\"><\/i>\t\t\t\t<\/a>\n\t\t\t<\/div>\n\t\t\t\n\t\t\t\t\t\t<div class=\"elementor-icon-box-content\">\n\n\t\t\t\t\t\t\t\t\t<h3 class=\"elementor-icon-box-title\">\n\t\t\t\t\t\t<a href=\"https:\/\/api.whatsapp.com\/send?phone=34633513247&#038;text=Hola,%20le%20escribo%20a%20thewebsell.com,%20para%20obtener%20m%C3%A1s%20informaci%C3%B3n%20sobre%20los%20servicios\" >\n\t\t\t\t\t\t\t<a href=\"https:\/\/api.whatsapp.com\/send?phone=584124588629&&text=Hola,%20le%20escribo%20a%20thewebsell.com,%20para%20obtener%20m\u00e1s%20informaci\u00f3n%20sobre%20los%20servicios\"> Venezuela<\/a><br><br> <a href=\"https:\/\/api.whatsapp.com\/send?phone=17867448424&text=Hola,%20le%20escribo%20a%20thewebsell.com,%20para%20obtener%20m\u00e1s%20informaci\u00f3n%20sobre%20los%20servicios\">  Florida, USA \u200b  <\/a><\/br><\/br><a href=\"https:\/\/api.whatsapp.com\/send?phone=34633513247&text=Hola,%20le%20escribo%20a%20thewebsell.com,%20para%20obtener%20m\u00e1s%20informaci\u00f3n%20sobre%20los%20servicios\">  Madrid, Espa\u00f1a\u200b  <\/a>\t\t\t\t\t\t<\/a>\n\t\t\t\t\t<\/h3>\n\t\t\t\t\n\t\t\t\t\n\t\t\t<\/div>\n\t\t\t\n\t\t<\/div>\n\t\t\t\t\t\t<\/div>\n\t\t\t\t<\/div>\n\t\t\t\t\t<\/div>\n\t\t<\/div>\n\t\t\t\t\t<\/div>\n\t\t<\/section>\n\t\t\t\t<\/div>\n\t\t","protected":false},"excerpt":{"rendered":"<p>Agencia SEO y SEM | Marketing Digital Cons\u00edguenos F\u00e1cilmente Si\u00e9ntete libre de contactarnos cuando desees.Recuerda que estamos para responder tus dudas en todo momento. @thewebsell.es +58 (412) 458-8629 +1 (786) 744-8424 +34 (633) 513-247 Venezuela Florida, USA \u200b Madrid, Espa\u00f1a\u200b<\/p>\n","protected":false},"author":4,"featured_media":0,"parent":0,"menu_order":0,"comment_status":"closed","ping_status":"closed","template":"","meta":{"nf_dc_page":"","footnotes":""},"class_list":["post-14384","page","type-page","status-publish","hentry"],"yoast_head":"<!-- This site is optimized with the Yoast SEO plugin v26.9 - https:\/\/yoast.com\/product\/yoast-seo-wordpress\/ -->\n<title>Contacto - Agencia SEO y SEM en Madrid | WebSell<\/title>\n<meta name=\"description\" content=\"\u00bfQuieres contactar con la mejor agencia SEO y SEM en Madrid? Estamos listos para ayudarte a potenciar tu presencia online. \u00a1Escr\u00edbenos hoy mismo!\" \/>\n<meta name=\"robots\" content=\"index, follow, max-snippet:-1, max-image-preview:large, max-video-preview:-1\" \/>\n<link rel=\"canonical\" href=\"https:\/\/thewebsell.com\/espana\/contacto\/\" \/>\n<meta property=\"og:locale\" content=\"es_ES\" \/>\n<meta property=\"og:type\" content=\"article\" \/>\n<meta property=\"og:title\" content=\"Contacto - Agencia SEO y SEM en Madrid | WebSell\" \/>\n<meta property=\"og:description\" content=\"\u00bfQuieres contactar con la mejor agencia SEO y SEM en Madrid? Estamos listos para ayudarte a potenciar tu presencia online. \u00a1Escr\u00edbenos hoy mismo!\" \/>\n<meta property=\"og:url\" content=\"https:\/\/thewebsell.com\/espana\/contacto\/\" \/>\n<meta property=\"og:site_name\" content=\"WebSell\" \/>\n<meta property=\"article:modified_time\" content=\"2025-05-16T15:31:17+00:00\" \/>\n<meta name=\"twitter:card\" content=\"summary_large_image\" \/>\n<meta name=\"twitter:label1\" content=\"Tiempo de lectura\" \/>\n\t<meta name=\"twitter:data1\" content=\"1 minuto\" \/>\n<script type=\"application\/ld+json\" class=\"yoast-schema-graph\">{\"@context\":\"https:\/\/schema.org\",\"@graph\":[{\"@type\":\"WebPage\",\"@id\":\"https:\/\/thewebsell.com\/espana\/contacto\/\",\"url\":\"https:\/\/thewebsell.com\/espana\/contacto\/\",\"name\":\"Contacto - Agencia SEO y SEM en Madrid | WebSell\",\"isPartOf\":{\"@id\":\"https:\/\/thewebsell.com\/espana\/#website\"},\"datePublished\":\"2024-12-27T17:18:04+00:00\",\"dateModified\":\"2025-05-16T15:31:17+00:00\",\"description\":\"\u00bfQuieres contactar con la mejor agencia SEO y SEM en Madrid? Estamos listos para ayudarte a potenciar tu presencia online. \u00a1Escr\u00edbenos hoy mismo!\",\"breadcrumb\":{\"@id\":\"https:\/\/thewebsell.com\/espana\/contacto\/#breadcrumb\"},\"inLanguage\":\"es\",\"potentialAction\":[{\"@type\":\"ReadAction\",\"target\":[\"https:\/\/thewebsell.com\/espana\/contacto\/\"]}]},{\"@type\":\"BreadcrumbList\",\"@id\":\"https:\/\/thewebsell.com\/espana\/contacto\/#breadcrumb\",\"itemListElement\":[{\"@type\":\"ListItem\",\"position\":1,\"name\":\"Blog\",\"item\":\"https:\/\/thewebsell.com\/espana\/\"},{\"@type\":\"ListItem\",\"position\":2,\"name\":\"Contacto\"}]},{\"@type\":\"WebSite\",\"@id\":\"https:\/\/thewebsell.com\/espana\/#website\",\"url\":\"https:\/\/thewebsell.com\/espana\/\",\"name\":\"WebSell\",\"description\":\"Agencia de Marketing Digital \",\"publisher\":{\"@id\":\"https:\/\/thewebsell.com\/espana\/#organization\"},\"potentialAction\":[{\"@type\":\"SearchAction\",\"target\":{\"@type\":\"EntryPoint\",\"urlTemplate\":\"https:\/\/thewebsell.com\/espana\/?s={search_term_string}\"},\"query-input\":{\"@type\":\"PropertyValueSpecification\",\"valueRequired\":true,\"valueName\":\"search_term_string\"}}],\"inLanguage\":\"es\"},{\"@type\":\"Organization\",\"@id\":\"https:\/\/thewebsell.com\/espana\/#organization\",\"name\":\"WebSell\",\"url\":\"https:\/\/thewebsell.com\/espana\/\",\"logo\":{\"@type\":\"ImageObject\",\"inLanguage\":\"es\",\"@id\":\"https:\/\/thewebsell.com\/espana\/#\/schema\/logo\/image\/\",\"url\":\"https:\/\/thewebsell.com\/espana\/wp-content\/uploads\/2022\/05\/Group-162-1.png\",\"contentUrl\":\"https:\/\/thewebsell.com\/espana\/wp-content\/uploads\/2022\/05\/Group-162-1.png\",\"width\":244,\"height\":244,\"caption\":\"WebSell\"},\"image\":{\"@id\":\"https:\/\/thewebsell.com\/espana\/#\/schema\/logo\/image\/\"}}]}<\/script>\n<!-- \/ Yoast SEO plugin. -->","yoast_head_json":{"title":"Contacto - Agencia SEO y SEM en Madrid | WebSell","description":"\u00bfQuieres contactar con la mejor agencia SEO y SEM en Madrid? Estamos listos para ayudarte a potenciar tu presencia online. \u00a1Escr\u00edbenos hoy mismo!","robots":{"index":"index","follow":"follow","max-snippet":"max-snippet:-1","max-image-preview":"max-image-preview:large","max-video-preview":"max-video-preview:-1"},"canonical":"https:\/\/thewebsell.com\/espana\/contacto\/","og_locale":"es_ES","og_type":"article","og_title":"Contacto - Agencia SEO y SEM en Madrid | WebSell","og_description":"\u00bfQuieres contactar con la mejor agencia SEO y SEM en Madrid? Estamos listos para ayudarte a potenciar tu presencia online. \u00a1Escr\u00edbenos hoy mismo!","og_url":"https:\/\/thewebsell.com\/espana\/contacto\/","og_site_name":"WebSell","article_modified_time":"2025-05-16T15:31:17+00:00","twitter_card":"summary_large_image","twitter_misc":{"Tiempo de lectura":"1 minuto"},"schema":{"@context":"https:\/\/schema.org","@graph":[{"@type":"WebPage","@id":"https:\/\/thewebsell.com\/espana\/contacto\/","url":"https:\/\/thewebsell.com\/espana\/contacto\/","name":"Contacto - Agencia SEO y SEM en Madrid | WebSell","isPartOf":{"@id":"https:\/\/thewebsell.com\/espana\/#website"},"datePublished":"2024-12-27T17:18:04+00:00","dateModified":"2025-05-16T15:31:17+00:00","description":"\u00bfQuieres contactar con la mejor agencia SEO y SEM en Madrid? Estamos listos para ayudarte a potenciar tu presencia online. \u00a1Escr\u00edbenos hoy mismo!","breadcrumb":{"@id":"https:\/\/thewebsell.com\/espana\/contacto\/#breadcrumb"},"inLanguage":"es","potentialAction":[{"@type":"ReadAction","target":["https:\/\/thewebsell.com\/espana\/contacto\/"]}]},{"@type":"BreadcrumbList","@id":"https:\/\/thewebsell.com\/espana\/contacto\/#breadcrumb","itemListElement":[{"@type":"ListItem","position":1,"name":"Blog","item":"https:\/\/thewebsell.com\/espana\/"},{"@type":"ListItem","position":2,"name":"Contacto"}]},{"@type":"WebSite","@id":"https:\/\/thewebsell.com\/espana\/#website","url":"https:\/\/thewebsell.com\/espana\/","name":"WebSell","description":"Agencia de Marketing Digital ","publisher":{"@id":"https:\/\/thewebsell.com\/espana\/#organization"},"potentialAction":[{"@type":"SearchAction","target":{"@type":"EntryPoint","urlTemplate":"https:\/\/thewebsell.com\/espana\/?s={search_term_string}"},"query-input":{"@type":"PropertyValueSpecification","valueRequired":true,"valueName":"search_term_string"}}],"inLanguage":"es"},{"@type":"Organization","@id":"https:\/\/thewebsell.com\/espana\/#organization","name":"WebSell","url":"https:\/\/thewebsell.com\/espana\/","logo":{"@type":"ImageObject","inLanguage":"es","@id":"https:\/\/thewebsell.com\/espana\/#\/schema\/logo\/image\/","url":"https:\/\/thewebsell.com\/espana\/wp-content\/uploads\/2022\/05\/Group-162-1.png","contentUrl":"https:\/\/thewebsell.com\/espana\/wp-content\/uploads\/2022\/05\/Group-162-1.png","width":244,"height":244,"caption":"WebSell"},"image":{"@id":"https:\/\/thewebsell.com\/espana\/#\/schema\/logo\/image\/"}}]}},"_links":{"self":[{"href":"https:\/\/thewebsell.com\/espana\/wp-json\/wp\/v2\/pages\/14384","targetHints":{"allow":["GET"]}}],"collection":[{"href":"https:\/\/thewebsell.com\/espana\/wp-json\/wp\/v2\/pages"}],"about":[{"href":"https:\/\/thewebsell.com\/espana\/wp-json\/wp\/v2\/types\/page"}],"author":[{"embeddable":true,"href":"https:\/\/thewebsell.com\/espana\/wp-json\/wp\/v2\/users\/4"}],"replies":[{"embeddable":true,"href":"https:\/\/thewebsell.com\/espana\/wp-json\/wp\/v2\/comments?post=14384"}],"version-history":[{"count":10,"href":"https:\/\/thewebsell.com\/espana\/wp-json\/wp\/v2\/pages\/14384\/revisions"}],"predecessor-version":[{"id":14394,"href":"https:\/\/thewebsell.com\/espana\/wp-json\/wp\/v2\/pages\/14384\/revisions\/14394"}],"wp:attachment":[{"href":"https:\/\/thewebsell.com\/espana\/wp-json\/wp\/v2\/media?parent=14384"}],"curies":[{"name":"wp","href":"https:\/\/api.w.org\/{rel}","templated":true}]}}