{"id":2831,"date":"2022-05-05T12:51:31","date_gmt":"2022-05-05T16:51:31","guid":{"rendered":"https:\/\/thewebsell.com\/venezuela\/?page_id=2831"},"modified":"2025-07-25T14:50:19","modified_gmt":"2025-07-25T18:50:19","slug":"contacto","status":"publish","type":"page","link":"https:\/\/thewebsell.com\/venezuela\/contacto\/","title":{"rendered":"Contacto"},"content":{"rendered":"\t\t<div data-elementor-type=\"wp-page\" data-elementor-id=\"2831\" class=\"elementor elementor-2831\" data-elementor-post-type=\"page\">\n\t\t\t\t\t\t<section class=\"elementor-section elementor-top-section elementor-element elementor-element-cf934a7 elementor-section-boxed elementor-section-height-default elementor-section-height-default\" data-id=\"cf934a7\" data-element_type=\"section\" data-settings=\"{&quot;background_background&quot;:&quot;classic&quot;}\">\n\t\t\t\t\t\t\t<div class=\"elementor-background-overlay\"><\/div>\n\t\t\t\t\t\t\t<div class=\"elementor-container elementor-column-gap-default\">\n\t\t\t\t\t<div class=\"elementor-column elementor-col-100 elementor-top-column elementor-element elementor-element-d25e6a7\" data-id=\"d25e6a7\" data-element_type=\"column\">\n\t\t\t<div class=\"elementor-widget-wrap elementor-element-populated\">\n\t\t\t\t\t\t<div class=\"elementor-element elementor-element-4379a05 elementor-widget elementor-widget-shortcode\" data-id=\"4379a05\" data-element_type=\"widget\" data-widget_type=\"shortcode.default\">\n\t\t\t\t<div class=\"elementor-widget-container\">\n\t\t\t\t\t\t\t<div class=\"elementor-shortcode\"><meta name=\"keywords\" content=\"agencia de marketing digital en Miami y Venezuela, digital marketing agency in Miami and Venezuela\"><\/div>\n\t\t\t\t\t\t<\/div>\n\t\t\t\t<\/div>\n\t\t\t\t<div class=\"elementor-element elementor-element-571b971 elementor-widget elementor-widget-heading\" data-id=\"571b971\" data-element_type=\"widget\" data-widget_type=\"heading.default\">\n\t\t\t\t<div class=\"elementor-widget-container\">\n\t\t\t\t\t<h1 class=\"elementor-heading-title elementor-size-default\">Agencia SEO y SEM | <span style=\"color: #006fd2\"> Marketing Digital<\/span><\/h1>\t\t\t\t<\/div>\n\t\t\t\t<\/div>\n\t\t\t\t<div class=\"elementor-element elementor-element-b02a2cf elementor-widget elementor-widget-heading\" data-id=\"b02a2cf\" data-element_type=\"widget\" data-widget_type=\"heading.default\">\n\t\t\t\t<div class=\"elementor-widget-container\">\n\t\t\t\t\t<h2 class=\"elementor-heading-title elementor-size-default\">Cons\u00edguenos  <span style=\"color: #006fd2\">F\u00e1cilmente<\/span><\/h2>\t\t\t\t<\/div>\n\t\t\t\t<\/div>\n\t\t\t\t<div class=\"elementor-element elementor-element-c6b1007 elementor-widget elementor-widget-text-editor\" data-id=\"c6b1007\" data-element_type=\"widget\" data-widget_type=\"text-editor.default\">\n\t\t\t\t<div class=\"elementor-widget-container\">\n\t\t\t\t\t\t\t\t\t<p align=\"center\">Si\u00e9ntete libre de contactarnos cuando desees.<br>Recuerda que estamos para responder tus dudas en todo momento.<\/p>\t\t\t\t\t\t\t\t<\/div>\n\t\t\t\t<\/div>\n\t\t\t\t<div class=\"elementor-element elementor-element-f9fdf3f elementor-widget__width-initial elementor-widget-mobile__width-initial elementor-view-default elementor-position-top elementor-mobile-position-top elementor-widget elementor-widget-icon-box\" data-id=\"f9fdf3f\" data-element_type=\"widget\" id=\"iconos-contacto\" data-widget_type=\"icon-box.default\">\n\t\t\t\t<div class=\"elementor-widget-container\">\n\t\t\t\t\t\t\t<div class=\"elementor-icon-box-wrapper\">\n\n\t\t\t\t\t\t<div class=\"elementor-icon-box-icon\">\n\t\t\t\t<a href=\"https:\/\/www.instagram.com\/websell.lat\/\" class=\"elementor-icon elementor-animation-wobble-horizontal\" tabindex=\"-1\" aria-label=\"@websell.lat\">\n\t\t\t\t<i aria-hidden=\"true\" class=\"fab fa-instagram\"><\/i>\t\t\t\t<\/a>\n\t\t\t<\/div>\n\t\t\t\n\t\t\t\t\t\t<div class=\"elementor-icon-box-content\">\n\n\t\t\t\t\t\t\t\t\t<h3 class=\"elementor-icon-box-title\">\n\t\t\t\t\t\t<a href=\"https:\/\/www.instagram.com\/websell.lat\/\" >\n\t\t\t\t\t\t\t@websell.lat\t\t\t\t\t\t<\/a>\n\t\t\t\t\t<\/h3>\n\t\t\t\t\n\t\t\t\t\n\t\t\t<\/div>\n\t\t\t\n\t\t<\/div>\n\t\t\t\t\t\t<\/div>\n\t\t\t\t<\/div>\n\t\t\t\t<div class=\"elementor-element elementor-element-f080d1b elementor-widget__width-initial elementor-widget-mobile__width-initial elementor-view-default elementor-position-top elementor-mobile-position-top elementor-widget elementor-widget-icon-box\" data-id=\"f080d1b\" data-element_type=\"widget\" id=\"iconos-contacto\" data-widget_type=\"icon-box.default\">\n\t\t\t\t<div class=\"elementor-widget-container\">\n\t\t\t\t\t\t\t<div class=\"elementor-icon-box-wrapper\">\n\n\t\t\t\t\t\t<div class=\"elementor-icon-box-icon\">\n\t\t\t\t<a href=\"tel:+584124588629\" class=\"elementor-icon elementor-animation-wobble-horizontal\" tabindex=\"-1\" aria-label=\"&lt;a href=&quot;tel:+584124588629&quot;&gt;+58 (412)-4588629 &lt;\/a&gt; &lt;br&gt; &lt;br&gt;&lt;a href=&quot;tel:+19542056596&quot;&gt; +1 (954) 205-6596&lt;\/a&gt;&lt;br&gt; &lt;br&gt;&lt;a href=&quot;tel:+34633513247&quot;&gt; +34(633) 513-247&lt;\/a&gt;\">\n\t\t\t\t<svg xmlns=\"http:\/\/www.w3.org\/2000\/svg\" xmlns:xlink=\"http:\/\/www.w3.org\/1999\/xlink\" x=\"0px\" y=\"0px\" viewBox=\"0 0 384 384\" style=\"enable-background:new 0 0 384 384;\" xml:space=\"preserve\"><g>\t<g>\t\t<path d=\"M353.188,252.052c-23.51,0-46.594-3.677-68.469-10.906c-10.719-3.656-23.896-0.302-30.438,6.417l-43.177,32.594   c-50.073-26.729-80.917-57.563-107.281-107.26l31.635-42.052c8.219-8.208,11.167-20.198,7.635-31.448   c-7.26-21.99-10.948-45.063-10.948-68.583C132.146,13.823,118.323,0,101.333,0H30.813C13.823,0,0,13.823,0,30.813   C0,225.563,158.438,384,353.188,384c16.99,0,30.813-13.823,30.813-30.813v-70.323C384,265.875,370.177,252.052,353.188,252.052z\"><\/path>\t<\/g><\/g><\/svg>\t\t\t\t<\/a>\n\t\t\t<\/div>\n\t\t\t\n\t\t\t\t\t\t<div class=\"elementor-icon-box-content\">\n\n\t\t\t\t\t\t\t\t\t<h3 class=\"elementor-icon-box-title\">\n\t\t\t\t\t\t<a href=\"tel:+584124588629\" >\n\t\t\t\t\t\t\t<a href=\"tel:+584124588629\">+58 (412)-4588629 <\/a> <br> <br><a href=\"tel:+19542056596\"> +1 (954) 205-6596<\/a><br> <br><a href=\"tel:+34633513247\"> +34(633) 513-247<\/a>\t\t\t\t\t\t<\/a>\n\t\t\t\t\t<\/h3>\n\t\t\t\t\n\t\t\t\t\n\t\t\t<\/div>\n\t\t\t\n\t\t<\/div>\n\t\t\t\t\t\t<\/div>\n\t\t\t\t<\/div>\n\t\t\t\t<div class=\"elementor-element elementor-element-6e8969e elementor-widget__width-initial elementor-widget-mobile__width-initial elementor-view-default elementor-position-top elementor-mobile-position-top elementor-widget elementor-widget-icon-box\" data-id=\"6e8969e\" data-element_type=\"widget\" id=\"iconos-contacto\" data-widget_type=\"icon-box.default\">\n\t\t\t\t<div class=\"elementor-widget-container\">\n\t\t\t\t\t\t\t<div class=\"elementor-icon-box-wrapper\">\n\n\t\t\t\t\t\t<div class=\"elementor-icon-box-icon\">\n\t\t\t\t<a href=\"https:\/\/wa.me\/+584124588629\" class=\"elementor-icon elementor-animation-wobble-horizontal\" tabindex=\"-1\" aria-label=\" &lt;a href=&quot; https:\/\/wa.me\/+584124588629&quot;&gt; Venezuela&lt;\/a&gt;&lt;br&gt;&lt;br&gt; &lt;a href=&quot; https:\/\/wa.me\/+19542056596&quot;&gt;  Florida, USA \u200b  &lt;\/a&gt;&lt;\/br&gt;&lt;\/br&gt;&lt;a href=&quot; https:\/\/wa.me\/+34633513247&quot;&gt;  Madrid, Espa\u00f1a\u200b  &lt;\/a&gt;\">\n\t\t\t\t<i aria-hidden=\"true\" class=\"fab fa-whatsapp\"><\/i>\t\t\t\t<\/a>\n\t\t\t<\/div>\n\t\t\t\n\t\t\t\t\t\t<div class=\"elementor-icon-box-content\">\n\n\t\t\t\t\t\t\t\t\t<h3 class=\"elementor-icon-box-title\">\n\t\t\t\t\t\t<a href=\"https:\/\/wa.me\/+584124588629\" >\n\t\t\t\t\t\t\t <a href=\" https:\/\/wa.me\/+584124588629\"> Venezuela<\/a><br><br> <a href=\" https:\/\/wa.me\/+19542056596\">  Florida, USA \u200b  <\/a><\/br><\/br><a href=\" https:\/\/wa.me\/+34633513247\">  Madrid, Espa\u00f1a\u200b  <\/a>\t\t\t\t\t\t<\/a>\n\t\t\t\t\t<\/h3>\n\t\t\t\t\n\t\t\t\t\n\t\t\t<\/div>\n\t\t\t\n\t\t<\/div>\n\t\t\t\t\t\t<\/div>\n\t\t\t\t<\/div>\n\t\t\t\t\t<\/div>\n\t\t<\/div>\n\t\t\t\t\t<\/div>\n\t\t<\/section>\n\t\t\t\t<section class=\"elementor-section elementor-top-section elementor-element elementor-element-20c8132 elementor-section-boxed elementor-section-height-default elementor-section-height-default\" data-id=\"20c8132\" data-element_type=\"section\">\n\t\t\t\t\t\t<div class=\"elementor-container elementor-column-gap-default\">\n\t\t\t\t\t<div class=\"elementor-column elementor-col-100 elementor-top-column elementor-element elementor-element-f8f70ab\" data-id=\"f8f70ab\" data-element_type=\"column\">\n\t\t\t<div class=\"elementor-widget-wrap elementor-element-populated\">\n\t\t\t\t\t\t<section class=\"elementor-section elementor-inner-section elementor-element elementor-element-430ae82 elementor-section-boxed elementor-section-height-default elementor-section-height-default\" data-id=\"430ae82\" data-element_type=\"section\" data-settings=\"{&quot;background_background&quot;:&quot;gradient&quot;}\">\n\t\t\t\t\t\t<div class=\"elementor-container elementor-column-gap-default\">\n\t\t\t\t\t<div class=\"elementor-column elementor-col-100 elementor-inner-column elementor-element elementor-element-d541914\" data-id=\"d541914\" data-element_type=\"column\">\n\t\t\t<div class=\"elementor-widget-wrap elementor-element-populated\">\n\t\t\t\t\t\t<div class=\"elementor-element elementor-element-a7e8de8 elementor-widget elementor-widget-heading\" data-id=\"a7e8de8\" data-element_type=\"widget\" data-widget_type=\"heading.default\">\n\t\t\t\t<div class=\"elementor-widget-container\">\n\t\t\t\t\t<h2 class=\"elementor-heading-title elementor-size-default\">\u00a1Ponte en  Contacto! <\/h2>\t\t\t\t<\/div>\n\t\t\t\t<\/div>\n\t\t\t\t<div class=\"elementor-element elementor-element-6e07953 elementor-button-align-stretch elementor-widget elementor-widget-form\" data-id=\"6e07953\" data-element_type=\"widget\" id=\"mensaje-oculto\" data-settings=\"{&quot;step_next_label&quot;:&quot;Next&quot;,&quot;step_previous_label&quot;:&quot;Previous&quot;,&quot;button_width&quot;:&quot;100&quot;,&quot;step_type&quot;:&quot;number_text&quot;,&quot;step_icon_shape&quot;:&quot;circle&quot;}\" data-widget_type=\"form.default\">\n\t\t\t\t<div class=\"elementor-widget-container\">\n\t\t\t\t\t\t\t<form class=\"elementor-form\" method=\"post\" name=\"Form Contacto Esp\">\n\t\t\t<input type=\"hidden\" name=\"post_id\" value=\"2831\"\/>\n\t\t\t<input type=\"hidden\" name=\"form_id\" value=\"6e07953\"\/>\n\t\t\t<input type=\"hidden\" name=\"referer_title\" value=\"WebSell\" \/>\n\n\t\t\t\n\t\t\t<div class=\"elementor-form-fields-wrapper elementor-labels-above\">\n\t\t\t\t\t\t\t\t<div class=\"elementor-field-type-text elementor-field-group elementor-column elementor-field-group-name elementor-col-100 elementor-field-required\">\n\t\t\t\t\t\t\t\t\t\t\t\t\t<input size=\"1\" type=\"text\" name=\"form_fields[name]\" id=\"form-field-name\" class=\"elementor-field elementor-size-xs  elementor-field-textual\" placeholder=\"Nombre\" required=\"required\" aria-required=\"true\">\n\t\t\t\t\t\t\t\t\t\t\t<\/div>\n\t\t\t\t\t\t\t\t<div class=\"elementor-field-type-text elementor-field-group elementor-column elementor-field-group-field_ceadf26 elementor-col-100 elementor-field-required\">\n\t\t\t\t\t\t\t\t\t\t\t\t\t<input size=\"1\" type=\"text\" name=\"form_fields[field_ceadf26]\" id=\"form-field-field_ceadf26\" class=\"elementor-field elementor-size-xs  elementor-field-textual\" placeholder=\"Apellido\" required=\"required\" aria-required=\"true\">\n\t\t\t\t\t\t\t\t\t\t\t<\/div>\n\t\t\t\t\t\t\t\t<div class=\"elementor-field-type-email elementor-field-group elementor-column elementor-field-group-email elementor-col-100 elementor-field-required\">\n\t\t\t\t\t\t\t\t\t\t\t\t\t<input size=\"1\" type=\"email\" name=\"form_fields[email]\" id=\"form-field-email\" class=\"elementor-field elementor-size-xs  elementor-field-textual\" placeholder=\"Correo electr\u00f3nico \" required=\"required\" aria-required=\"true\">\n\t\t\t\t\t\t\t\t\t\t\t<\/div>\n\t\t\t\t\t\t\t\t<div class=\"elementor-field-type-tel elementor-field-group elementor-column elementor-field-group-field_fd30923 elementor-col-100 elementor-field-required\">\n\t\t\t\t\t\t\t<input size=\"1\" type=\"tel\" name=\"form_fields[field_fd30923]\" id=\"form-field-field_fd30923\" class=\"elementor-field elementor-size-xs  elementor-field-textual\" placeholder=\"Tel\u00e9fono \" required=\"required\" aria-required=\"true\" pattern=\"[0-9()#&amp;+*-=.]+\" title=\"Solo se aceptan n\u00fameros y caracteres de tel\u00e9fono (#,-,*,etc).\">\n\n\t\t\t\t\t\t<\/div>\n\t\t\t\t\t\t\t\t<div class=\"elementor-field-type-textarea elementor-field-group elementor-column elementor-field-group-message elementor-col-100 elementor-field-required\">\n\t\t\t\t\t<textarea class=\"elementor-field-textual elementor-field  elementor-size-xs\" name=\"form_fields[message]\" id=\"form-field-message\" rows=\"4\" placeholder=\"Mensaje\" required=\"required\" aria-required=\"true\"><\/textarea>\t\t\t\t<\/div>\n\t\t\t\t\t\t\t\t<div class=\"elementor-field-type-recaptcha elementor-field-group elementor-column elementor-field-group-field_76abdb2 elementor-col-100\">\n\t\t\t\t\t<div class=\"elementor-field\" id=\"form-field-field_76abdb2\"><div class=\"elementor-g-recaptcha\" data-sitekey=\"6LdAoF8hAAAAAPffDIExat4meSy9q7c3i16sVkTp\" data-type=\"v2_checkbox\" data-theme=\"light\" data-size=\"normal\"><\/div><\/div>\t\t\t\t<\/div>\n\t\t\t\t\t\t\t\t<div class=\"elementor-field-group elementor-column elementor-field-type-submit elementor-col-100 e-form__buttons\">\n\t\t\t\t\t<button class=\"elementor-button elementor-size-sm elementor-animation-grow\" type=\"submit\">\n\t\t\t\t\t\t<span class=\"elementor-button-content-wrapper\">\n\t\t\t\t\t\t\t\t\t\t\t\t\t\t\t\t\t\t\t\t\t\t<span class=\"elementor-button-text\">Enviar<\/span>\n\t\t\t\t\t\t\t\t\t\t\t\t\t<\/span>\n\t\t\t\t\t<\/button>\n\t\t\t\t<\/div>\n\t\t\t<\/div>\n\t\t<\/form>\n\t\t\t\t\t\t<\/div>\n\t\t\t\t<\/div>\n\t\t\t\t\t<\/div>\n\t\t<\/div>\n\t\t\t\t\t<\/div>\n\t\t<\/section>\n\t\t\t\t\t<\/div>\n\t\t<\/div>\n\t\t\t\t\t<\/div>\n\t\t<\/section>\n\t\t<div class=\"elementor-element elementor-element-cf71115 e-flex e-con-boxed e-con e-parent\" data-id=\"cf71115\" data-element_type=\"container\">\n\t\t\t\t\t<div class=\"e-con-inner\">\n\t\t\t\t<div class=\"elementor-element elementor-element-d506a67 elementor-widget elementor-widget-global elementor-global-13755 elementor-widget-html\" data-id=\"d506a67\" data-element_type=\"widget\" data-widget_type=\"html.default\">\n\t\t\t\t<div class=\"elementor-widget-container\">\n\t\t\t\t\t\n<link rel=\"stylesheet\" href=\"https:\/\/stackpath.bootstrapcdn.com\/font-awesome\/4.7.0\/css\/font-awesome.min.css\">\n\n\t<a href=\"#abrirwhatsapp\" class=\"whatsapp\" >\n <i class=\"fa fa-whatsapp whatsapp-icon\"><\/i>\n<\/a>\t\t\t\t<\/div>\n\t\t\t\t<\/div>\n\t\t\t\t\t<\/div>\n\t\t\t\t<\/div>\n\t\t<div class=\"elementor-element elementor-element-9bd81b0 e-flex e-con-boxed e-con e-parent\" data-id=\"9bd81b0\" data-element_type=\"container\">\n\t\t\t\t\t<div class=\"e-con-inner\">\n\t\t\t\t<div class=\"elementor-element elementor-element-13755 elementor-widget elementor-widget-global elementor-global-13755 elementor-widget-html\" data-id=\"13755\" data-element_type=\"widget\" data-widget_type=\"html.default\">\n\t\t\t\t<div class=\"elementor-widget-container\">\n\t\t\t\t\t\n<link rel=\"stylesheet\" href=\"https:\/\/stackpath.bootstrapcdn.com\/font-awesome\/4.7.0\/css\/font-awesome.min.css\">\n\n\t<a href=\"#abrirwhatsapp\" class=\"whatsapp\" >\n <i class=\"fa fa-whatsapp whatsapp-icon\"><\/i>\n<\/a>\t\t\t\t<\/div>\n\t\t\t\t<\/div>\n\t\t\t\t\t<\/div>\n\t\t\t\t<\/div>\n\t\t\t\t<\/div>\n\t\t","protected":false},"excerpt":{"rendered":"<p>Agencia SEO y SEM | Marketing Digital Cons\u00edguenos F\u00e1cilmente Si\u00e9ntete libre de contactarnos cuando desees.Recuerda que estamos para responder tus dudas en todo momento. @websell.lat +58 (412)-4588629 +1 (954) 205-6596 +34(633) 513-247 Venezuela Florida, USA \u200b Madrid, Espa\u00f1a\u200b \u00a1Ponte en Contacto!<\/p>\n","protected":false},"author":3,"featured_media":29,"parent":0,"menu_order":0,"comment_status":"closed","ping_status":"closed","template":"","meta":{"footnotes":""},"class_list":["post-2831","page","type-page","status-publish","has-post-thumbnail","hentry"],"yoast_head":"<!-- This site is optimized with the Yoast SEO plugin v26.9 - https:\/\/yoast.com\/product\/yoast-seo-wordpress\/ -->\n<title>Contacto agencia de marketing digital Venezuela | WebSell<\/title>\n<meta name=\"description\" content=\"\u00bfListo para impulsar tu negocio? Contacto Agencia de Marketing Digital Venezuela. En WebSell te respondemos al instante. \u00a1Escr\u00edbenos al +58 (412)-4588629!\" \/>\n<meta name=\"robots\" content=\"index, follow, max-snippet:-1, max-image-preview:large, max-video-preview:-1\" \/>\n<link rel=\"canonical\" href=\"https:\/\/thewebsell.com\/venezuela\/contacto\/\" \/>\n<meta property=\"og:locale\" content=\"es_ES\" \/>\n<meta property=\"og:type\" content=\"article\" \/>\n<meta property=\"og:title\" content=\"Contacto agencia de marketing digital Venezuela | WebSell\" \/>\n<meta property=\"og:description\" content=\"\u00bfListo para impulsar tu negocio? Contacto Agencia de Marketing Digital Venezuela. En WebSell te respondemos al instante. \u00a1Escr\u00edbenos al +58 (412)-4588629!\" \/>\n<meta property=\"og:url\" content=\"https:\/\/thewebsell.com\/venezuela\/contacto\/\" \/>\n<meta property=\"og:site_name\" content=\"WebSell\" \/>\n<meta property=\"article:modified_time\" content=\"2025-07-25T18:50:19+00:00\" \/>\n<meta property=\"og:image\" content=\"https:\/\/thewebsell.com\/venezuela\/wp-content\/uploads\/2021\/10\/Logo-Login.png\" \/>\n\t<meta property=\"og:image:width\" content=\"756\" \/>\n\t<meta property=\"og:image:height\" content=\"756\" \/>\n\t<meta property=\"og:image:type\" content=\"image\/png\" \/>\n<meta name=\"twitter:card\" content=\"summary_large_image\" \/>\n<meta name=\"twitter:label1\" content=\"Tiempo de lectura\" \/>\n\t<meta name=\"twitter:data1\" content=\"1 minuto\" \/>\n<script type=\"application\/ld+json\" class=\"yoast-schema-graph\">{\"@context\":\"https:\/\/schema.org\",\"@graph\":[{\"@type\":\"WebPage\",\"@id\":\"https:\/\/thewebsell.com\/venezuela\/contacto\/\",\"url\":\"https:\/\/thewebsell.com\/venezuela\/contacto\/\",\"name\":\"Contacto agencia de marketing digital Venezuela | WebSell\",\"isPartOf\":{\"@id\":\"https:\/\/thewebsell.com\/venezuela\/#website\"},\"primaryImageOfPage\":{\"@id\":\"https:\/\/thewebsell.com\/venezuela\/contacto\/#primaryimage\"},\"image\":{\"@id\":\"https:\/\/thewebsell.com\/venezuela\/contacto\/#primaryimage\"},\"thumbnailUrl\":\"https:\/\/thewebsell.com\/venezuela\/wp-content\/uploads\/2021\/10\/Logo-Login.png\",\"datePublished\":\"2022-05-05T16:51:31+00:00\",\"dateModified\":\"2025-07-25T18:50:19+00:00\",\"description\":\"\u00bfListo para impulsar tu negocio? Contacto Agencia de Marketing Digital Venezuela. En WebSell te respondemos al instante. \u00a1Escr\u00edbenos al +58 (412)-4588629!\",\"breadcrumb\":{\"@id\":\"https:\/\/thewebsell.com\/venezuela\/contacto\/#breadcrumb\"},\"inLanguage\":\"es\",\"potentialAction\":[{\"@type\":\"ReadAction\",\"target\":[\"https:\/\/thewebsell.com\/venezuela\/contacto\/\"]}]},{\"@type\":\"ImageObject\",\"inLanguage\":\"es\",\"@id\":\"https:\/\/thewebsell.com\/venezuela\/contacto\/#primaryimage\",\"url\":\"https:\/\/thewebsell.com\/venezuela\/wp-content\/uploads\/2021\/10\/Logo-Login.png\",\"contentUrl\":\"https:\/\/thewebsell.com\/venezuela\/wp-content\/uploads\/2021\/10\/Logo-Login.png\",\"width\":756,\"height\":756,\"caption\":\"Desarrollo WEb | The Websell\"},{\"@type\":\"BreadcrumbList\",\"@id\":\"https:\/\/thewebsell.com\/venezuela\/contacto\/#breadcrumb\",\"itemListElement\":[{\"@type\":\"ListItem\",\"position\":1,\"name\":\"Blog\",\"item\":\"https:\/\/thewebsell.com\/venezuela\/\"},{\"@type\":\"ListItem\",\"position\":2,\"name\":\"Contacto\"}]},{\"@type\":\"WebSite\",\"@id\":\"https:\/\/thewebsell.com\/venezuela\/#website\",\"url\":\"https:\/\/thewebsell.com\/venezuela\/\",\"name\":\"WebSell\",\"description\":\"Agencia de Marketing Digital \",\"publisher\":{\"@id\":\"https:\/\/thewebsell.com\/venezuela\/#organization\"},\"potentialAction\":[{\"@type\":\"SearchAction\",\"target\":{\"@type\":\"EntryPoint\",\"urlTemplate\":\"https:\/\/thewebsell.com\/venezuela\/?s={search_term_string}\"},\"query-input\":{\"@type\":\"PropertyValueSpecification\",\"valueRequired\":true,\"valueName\":\"search_term_string\"}}],\"inLanguage\":\"es\"},{\"@type\":\"Organization\",\"@id\":\"https:\/\/thewebsell.com\/venezuela\/#organization\",\"name\":\"WebSell\",\"url\":\"https:\/\/thewebsell.com\/venezuela\/\",\"logo\":{\"@type\":\"ImageObject\",\"inLanguage\":\"es\",\"@id\":\"https:\/\/thewebsell.com\/venezuela\/#\/schema\/logo\/image\/\",\"url\":\"https:\/\/thewebsell.com\/venezuela\/wp-content\/uploads\/2022\/05\/Group-162-1.png\",\"contentUrl\":\"https:\/\/thewebsell.com\/venezuela\/wp-content\/uploads\/2022\/05\/Group-162-1.png\",\"width\":244,\"height\":244,\"caption\":\"WebSell\"},\"image\":{\"@id\":\"https:\/\/thewebsell.com\/venezuela\/#\/schema\/logo\/image\/\"}}]}<\/script>\n<!-- \/ Yoast SEO plugin. -->","yoast_head_json":{"title":"Contacto agencia de marketing digital Venezuela | WebSell","description":"\u00bfListo para impulsar tu negocio? Contacto Agencia de Marketing Digital Venezuela. En WebSell te respondemos al instante. \u00a1Escr\u00edbenos al +58 (412)-4588629!","robots":{"index":"index","follow":"follow","max-snippet":"max-snippet:-1","max-image-preview":"max-image-preview:large","max-video-preview":"max-video-preview:-1"},"canonical":"https:\/\/thewebsell.com\/venezuela\/contacto\/","og_locale":"es_ES","og_type":"article","og_title":"Contacto agencia de marketing digital Venezuela | WebSell","og_description":"\u00bfListo para impulsar tu negocio? Contacto Agencia de Marketing Digital Venezuela. En WebSell te respondemos al instante. \u00a1Escr\u00edbenos al +58 (412)-4588629!","og_url":"https:\/\/thewebsell.com\/venezuela\/contacto\/","og_site_name":"WebSell","article_modified_time":"2025-07-25T18:50:19+00:00","og_image":[{"width":756,"height":756,"url":"https:\/\/thewebsell.com\/venezuela\/wp-content\/uploads\/2021\/10\/Logo-Login.png","type":"image\/png"}],"twitter_card":"summary_large_image","twitter_misc":{"Tiempo de lectura":"1 minuto"},"schema":{"@context":"https:\/\/schema.org","@graph":[{"@type":"WebPage","@id":"https:\/\/thewebsell.com\/venezuela\/contacto\/","url":"https:\/\/thewebsell.com\/venezuela\/contacto\/","name":"Contacto agencia de marketing digital Venezuela | WebSell","isPartOf":{"@id":"https:\/\/thewebsell.com\/venezuela\/#website"},"primaryImageOfPage":{"@id":"https:\/\/thewebsell.com\/venezuela\/contacto\/#primaryimage"},"image":{"@id":"https:\/\/thewebsell.com\/venezuela\/contacto\/#primaryimage"},"thumbnailUrl":"https:\/\/thewebsell.com\/venezuela\/wp-content\/uploads\/2021\/10\/Logo-Login.png","datePublished":"2022-05-05T16:51:31+00:00","dateModified":"2025-07-25T18:50:19+00:00","description":"\u00bfListo para impulsar tu negocio? Contacto Agencia de Marketing Digital Venezuela. En WebSell te respondemos al instante. \u00a1Escr\u00edbenos al +58 (412)-4588629!","breadcrumb":{"@id":"https:\/\/thewebsell.com\/venezuela\/contacto\/#breadcrumb"},"inLanguage":"es","potentialAction":[{"@type":"ReadAction","target":["https:\/\/thewebsell.com\/venezuela\/contacto\/"]}]},{"@type":"ImageObject","inLanguage":"es","@id":"https:\/\/thewebsell.com\/venezuela\/contacto\/#primaryimage","url":"https:\/\/thewebsell.com\/venezuela\/wp-content\/uploads\/2021\/10\/Logo-Login.png","contentUrl":"https:\/\/thewebsell.com\/venezuela\/wp-content\/uploads\/2021\/10\/Logo-Login.png","width":756,"height":756,"caption":"Desarrollo WEb | The Websell"},{"@type":"BreadcrumbList","@id":"https:\/\/thewebsell.com\/venezuela\/contacto\/#breadcrumb","itemListElement":[{"@type":"ListItem","position":1,"name":"Blog","item":"https:\/\/thewebsell.com\/venezuela\/"},{"@type":"ListItem","position":2,"name":"Contacto"}]},{"@type":"WebSite","@id":"https:\/\/thewebsell.com\/venezuela\/#website","url":"https:\/\/thewebsell.com\/venezuela\/","name":"WebSell","description":"Agencia de Marketing Digital ","publisher":{"@id":"https:\/\/thewebsell.com\/venezuela\/#organization"},"potentialAction":[{"@type":"SearchAction","target":{"@type":"EntryPoint","urlTemplate":"https:\/\/thewebsell.com\/venezuela\/?s={search_term_string}"},"query-input":{"@type":"PropertyValueSpecification","valueRequired":true,"valueName":"search_term_string"}}],"inLanguage":"es"},{"@type":"Organization","@id":"https:\/\/thewebsell.com\/venezuela\/#organization","name":"WebSell","url":"https:\/\/thewebsell.com\/venezuela\/","logo":{"@type":"ImageObject","inLanguage":"es","@id":"https:\/\/thewebsell.com\/venezuela\/#\/schema\/logo\/image\/","url":"https:\/\/thewebsell.com\/venezuela\/wp-content\/uploads\/2022\/05\/Group-162-1.png","contentUrl":"https:\/\/thewebsell.com\/venezuela\/wp-content\/uploads\/2022\/05\/Group-162-1.png","width":244,"height":244,"caption":"WebSell"},"image":{"@id":"https:\/\/thewebsell.com\/venezuela\/#\/schema\/logo\/image\/"}}]}},"_links":{"self":[{"href":"https:\/\/thewebsell.com\/venezuela\/wp-json\/wp\/v2\/pages\/2831","targetHints":{"allow":["GET"]}}],"collection":[{"href":"https:\/\/thewebsell.com\/venezuela\/wp-json\/wp\/v2\/pages"}],"about":[{"href":"https:\/\/thewebsell.com\/venezuela\/wp-json\/wp\/v2\/types\/page"}],"author":[{"embeddable":true,"href":"https:\/\/thewebsell.com\/venezuela\/wp-json\/wp\/v2\/users\/3"}],"replies":[{"embeddable":true,"href":"https:\/\/thewebsell.com\/venezuela\/wp-json\/wp\/v2\/comments?post=2831"}],"version-history":[{"count":5,"href":"https:\/\/thewebsell.com\/venezuela\/wp-json\/wp\/v2\/pages\/2831\/revisions"}],"predecessor-version":[{"id":13764,"href":"https:\/\/thewebsell.com\/venezuela\/wp-json\/wp\/v2\/pages\/2831\/revisions\/13764"}],"wp:featuredmedia":[{"embeddable":true,"href":"https:\/\/thewebsell.com\/venezuela\/wp-json\/wp\/v2\/media\/29"}],"wp:attachment":[{"href":"https:\/\/thewebsell.com\/venezuela\/wp-json\/wp\/v2\/media?parent=2831"}],"curies":[{"name":"wp","href":"https:\/\/api.w.org\/{rel}","templated":true}]}}